{"id":49,"date":"2013-09-28T15:11:42","date_gmt":"2013-09-28T13:11:42","guid":{"rendered":"http:\/\/www.kommaacht.de\/?page_id=49"},"modified":"2014-07-08T10:36:21","modified_gmt":"2014-07-08T08:36:21","slug":"praesentation-selbstpraesentation","status":"publish","type":"page","link":"http:\/\/www.kommaacht.de\/?page_id=49","title":{"rendered":"Pr\u00e4sentation \/ Selbstpr\u00e4sentation"},"content":{"rendered":"<p><b>Pr\u00e4sentationstraining <\/b><\/p>\n<p>Sie k\u00f6nnen pr\u00e4sentieren. Sie haben es schon oft getan, planen Aufbau und Ablauf, doch jedes Mal sind Sie wieder nerv\u00f6s und tappen in die selben Fallen.<\/p>\n<p>Im diesem Pr\u00e4sentationstraining werden Kriterien f\u00fcr eine gute Pr\u00e4sentation und f\u00fcr Ihren pers\u00f6nlichen Auftritt erarbeitet. Aufbau und Vorbereitungsphasen sowie pers\u00f6nliche St\u00e4rken und eine authentische Ausstrahlung werden ge\u00fcbt.<\/p>\n<p>Ebenso trainieren wir einen spannenden Einstieg und einen klaren Abschluss. Im Mittelpunkt stehen dabei der oder die Vortragende. Wenn Sie ein eigenes Pr\u00e4sentationsvorhaben im Kopf haben, werden Sie besonders viel aus dem Seminar mitnehmen k\u00f6nnen.<\/p>\n<ul>\n<li>Vorbereitungsphasen<\/li>\n<li>pers\u00f6nlicher Auftritt<\/li>\n<li>Kriterien f\u00fcr eine gute Pr\u00e4sentation<\/li>\n<li>Dramaturgie und Aufbau<\/li>\n<li>spontan Text entwickeln<\/li>\n<\/ul>\n","protected":false},"excerpt":{"rendered":"<p>Pr\u00e4sentationstraining Sie k\u00f6nnen pr\u00e4sentieren. Sie haben es schon oft getan, planen Aufbau und Ablauf, doch jedes Mal sind Sie wieder nerv\u00f6s und tappen in die selben Fallen. Im diesem Pr\u00e4sentationstraining werden Kriterien f\u00fcr eine gute Pr\u00e4sentation und f\u00fcr Ihren pers\u00f6nlichen Auftritt erarbeitet. Aufbau und Vorbereitungsphasen sowie pers\u00f6nliche St\u00e4rken und eine authentische Ausstrahlung werden ge\u00fcbt. Ebenso &hellip; <a href=\"http:\/\/www.kommaacht.de\/?page_id=49\" class=\"more-link\"><span class=\"screen-reader-text\">Pr\u00e4sentation \/ Selbstpr\u00e4sentation<\/span> weiterlesen <span class=\"meta-nav\">&rarr;<\/span><\/a><\/p>\n","protected":false},"author":1,"featured_media":0,"parent":20,"menu_order":3,"comment_status":"closed","ping_status":"closed","template":"","meta":{"footnotes":""},"_links":{"self":[{"href":"http:\/\/www.kommaacht.de\/index.php?rest_route=\/wp\/v2\/pages\/49"}],"collection":[{"href":"http:\/\/www.kommaacht.de\/index.php?rest_route=\/wp\/v2\/pages"}],"about":[{"href":"http:\/\/www.kommaacht.de\/index.php?rest_route=\/wp\/v2\/types\/page"}],"author":[{"embeddable":true,"href":"http:\/\/www.kommaacht.de\/index.php?rest_route=\/wp\/v2\/users\/1"}],"replies":[{"embeddable":true,"href":"http:\/\/www.kommaacht.de\/index.php?rest_route=%2Fwp%2Fv2%2Fcomments&post=49"}],"version-history":[{"count":2,"href":"http:\/\/www.kommaacht.de\/index.php?rest_route=\/wp\/v2\/pages\/49\/revisions"}],"predecessor-version":[{"id":119,"href":"http:\/\/www.kommaacht.de\/index.php?rest_route=\/wp\/v2\/pages\/49\/revisions\/119"}],"up":[{"embeddable":true,"href":"http:\/\/www.kommaacht.de\/index.php?rest_route=\/wp\/v2\/pages\/20"}],"wp:attachment":[{"href":"http:\/\/www.kommaacht.de\/index.php?rest_route=%2Fwp%2Fv2%2Fmedia&parent=49"}],"curies":[{"name":"wp","href":"https:\/\/api.w.org\/{rel}","templated":true}]}}