{"id":47,"date":"2013-09-28T15:06:03","date_gmt":"2013-09-28T13:06:03","guid":{"rendered":"http:\/\/www.kommaacht.de\/?page_id=47"},"modified":"2014-07-08T10:37:18","modified_gmt":"2014-07-08T08:37:18","slug":"verhandlungsfuehrung","status":"publish","type":"page","link":"http:\/\/www.kommaacht.de\/?page_id=47","title":{"rendered":"Verhandlungsf\u00fchrung"},"content":{"rendered":"<p><b>Verhandlungsf\u00fchrung \u2013 Basisbausteine <\/b><\/p>\n<p>Sie haben eine Verhandlung vor sich, m\u00fcssen argumentieren und vielleicht rechnen Sie mit Widerspruch. Verhandlungen sind nicht vorhersehbar, Sie haben selbst schon \u00dcberraschungen damit erlebt \u2013 positive wie negative. Doch mit einer guten Vorbereitung wird Sie nichts so schnell aus der Ruhe bringen.<\/p>\n<p>In diesem Seminar werden Perspektivwechsel und verschiedene Stile von Argumentation analysiert und ausprobiert. Es geht um die Bausteine f\u00fcr eine gelungene Verhandlungs-f\u00fchrung und um Kriterien f\u00fcr das was erreicht werden soll. In praktischen \u00dcbungen wird direkt ausprobiert, was funktioniert.<\/p>\n<ul>\n<li>Was ist ein Argument?<\/li>\n<li>Wer ist mein mein Gegen\u00fcber? Was will er oder sie?<\/li>\n<li>Wie sage ich, was ich erreichen will?<\/li>\n<li>Wie baue ich meine Argumentation auf?<\/li>\n<\/ul>\n","protected":false},"excerpt":{"rendered":"<p>Verhandlungsf\u00fchrung \u2013 Basisbausteine Sie haben eine Verhandlung vor sich, m\u00fcssen argumentieren und vielleicht rechnen Sie mit Widerspruch. Verhandlungen sind nicht vorhersehbar, Sie haben selbst schon \u00dcberraschungen damit erlebt \u2013 positive wie negative. Doch mit einer guten Vorbereitung wird Sie nichts so schnell aus der Ruhe bringen. In diesem Seminar werden Perspektivwechsel und verschiedene Stile von &hellip; <a href=\"http:\/\/www.kommaacht.de\/?page_id=47\" class=\"more-link\"><span class=\"screen-reader-text\">Verhandlungsf\u00fchrung<\/span> weiterlesen <span class=\"meta-nav\">&rarr;<\/span><\/a><\/p>\n","protected":false},"author":1,"featured_media":0,"parent":20,"menu_order":0,"comment_status":"closed","ping_status":"closed","template":"","meta":{"footnotes":""},"_links":{"self":[{"href":"http:\/\/www.kommaacht.de\/index.php?rest_route=\/wp\/v2\/pages\/47"}],"collection":[{"href":"http:\/\/www.kommaacht.de\/index.php?rest_route=\/wp\/v2\/pages"}],"about":[{"href":"http:\/\/www.kommaacht.de\/index.php?rest_route=\/wp\/v2\/types\/page"}],"author":[{"embeddable":true,"href":"http:\/\/www.kommaacht.de\/index.php?rest_route=\/wp\/v2\/users\/1"}],"replies":[{"embeddable":true,"href":"http:\/\/www.kommaacht.de\/index.php?rest_route=%2Fwp%2Fv2%2Fcomments&post=47"}],"version-history":[{"count":4,"href":"http:\/\/www.kommaacht.de\/index.php?rest_route=\/wp\/v2\/pages\/47\/revisions"}],"predecessor-version":[{"id":120,"href":"http:\/\/www.kommaacht.de\/index.php?rest_route=\/wp\/v2\/pages\/47\/revisions\/120"}],"up":[{"embeddable":true,"href":"http:\/\/www.kommaacht.de\/index.php?rest_route=\/wp\/v2\/pages\/20"}],"wp:attachment":[{"href":"http:\/\/www.kommaacht.de\/index.php?rest_route=%2Fwp%2Fv2%2Fmedia&parent=47"}],"curies":[{"name":"wp","href":"https:\/\/api.w.org\/{rel}","templated":true}]}}