{"id":43,"date":"2013-09-28T14:52:28","date_gmt":"2013-09-28T12:52:28","guid":{"rendered":"http:\/\/www.kommaacht.de\/?page_id=43"},"modified":"2017-01-05T11:22:47","modified_gmt":"2017-01-05T09:22:47","slug":"kommunikationsmodelle","status":"publish","type":"page","link":"http:\/\/www.kommaacht.de\/?page_id=43","title":{"rendered":"Kommunikationsmodelle"},"content":{"rendered":"<p><b>Wie war das?! \u2013 Kommunikationsmodelle nutzbar machen<\/b><\/p>\n<p>Den ganzen Tag wird geredet \u2013 miteinander, \u00fcber einander, aneinander vorbei und selbst wenn nicht gesprochen oder geschrieben wird, l\u00e4uft die Kommunikation nonverbal weiter. Woran liegt es, dass manche Gespr\u00e4che so gut verlaufen, wie kommt es zu Missverst\u00e4ndnissen? Anhand von Modellen lassen sich kommunikative Situationen analysieren und im Nachhinein begreifen. Und mit etwas \u00dcbung kann man bereits im Gespr\u00e4ch wahrnehmen, was sich grade entwickelt und darauf reagieren. In diesem Seminar geht es darum, \u00a0Kommunikationsmodelle kennen zu lernen und \u00fcbend ihre Wirksamkeit zu testen.<\/p>\n<ul>\n<li>Grundbausteine der Kommunikation: Fragen und Zuh\u00f6ren, Senden-Empfangen, das Eisbergmodell<\/li>\n<li>Das 4-Ohren-Modell von Friedemann Schulz von Thun<\/li>\n<li>Die Transaktionsanalyse von Eric Berne<\/li>\n<li>Embodied Communication von Maja Storch und Wolfgang Tschacher<\/li>\n<\/ul>\n","protected":false},"excerpt":{"rendered":"<p>Wie war das?! \u2013 Kommunikationsmodelle nutzbar machen Den ganzen Tag wird geredet \u2013 miteinander, \u00fcber einander, aneinander vorbei und selbst wenn nicht gesprochen oder geschrieben wird, l\u00e4uft die Kommunikation nonverbal weiter. Woran liegt es, dass manche Gespr\u00e4che so gut verlaufen, wie kommt es zu Missverst\u00e4ndnissen? Anhand von Modellen lassen sich kommunikative Situationen analysieren und im &hellip; <a href=\"http:\/\/www.kommaacht.de\/?page_id=43\" class=\"more-link\"><span class=\"screen-reader-text\">Kommunikationsmodelle<\/span> weiterlesen <span class=\"meta-nav\">&rarr;<\/span><\/a><\/p>\n","protected":false},"author":1,"featured_media":0,"parent":20,"menu_order":0,"comment_status":"closed","ping_status":"closed","template":"","meta":{"footnotes":""},"_links":{"self":[{"href":"http:\/\/www.kommaacht.de\/index.php?rest_route=\/wp\/v2\/pages\/43"}],"collection":[{"href":"http:\/\/www.kommaacht.de\/index.php?rest_route=\/wp\/v2\/pages"}],"about":[{"href":"http:\/\/www.kommaacht.de\/index.php?rest_route=\/wp\/v2\/types\/page"}],"author":[{"embeddable":true,"href":"http:\/\/www.kommaacht.de\/index.php?rest_route=\/wp\/v2\/users\/1"}],"replies":[{"embeddable":true,"href":"http:\/\/www.kommaacht.de\/index.php?rest_route=%2Fwp%2Fv2%2Fcomments&post=43"}],"version-history":[{"count":6,"href":"http:\/\/www.kommaacht.de\/index.php?rest_route=\/wp\/v2\/pages\/43\/revisions"}],"predecessor-version":[{"id":201,"href":"http:\/\/www.kommaacht.de\/index.php?rest_route=\/wp\/v2\/pages\/43\/revisions\/201"}],"up":[{"embeddable":true,"href":"http:\/\/www.kommaacht.de\/index.php?rest_route=\/wp\/v2\/pages\/20"}],"wp:attachment":[{"href":"http:\/\/www.kommaacht.de\/index.php?rest_route=%2Fwp%2Fv2%2Fmedia&parent=43"}],"curies":[{"name":"wp","href":"https:\/\/api.w.org\/{rel}","templated":true}]}}