{"id":33,"date":"2013-09-28T14:32:06","date_gmt":"2013-09-28T12:32:06","guid":{"rendered":"http:\/\/www.kommaacht.de\/?page_id=33"},"modified":"2021-06-07T18:19:39","modified_gmt":"2021-06-07T16:19:39","slug":"wer-dahinter-steht","status":"publish","type":"page","link":"http:\/\/www.kommaacht.de\/?page_id=33","title":{"rendered":"wer dahinter steht"},"content":{"rendered":"<p>hinter kommaacht steht Bettina Hermann:<\/p>\n<p><a href=\"http:\/\/www.kommaacht.de\/wp-content\/uploads\/2021\/06\/IMG_7679-scaled.jpg\"><img loading=\"lazy\" decoding=\"async\" class=\"alignnone wp-image-331 size-medium\" src=\"http:\/\/www.kommaacht.de\/wp-content\/uploads\/2021\/06\/IMG_7679-225x300.jpg\" alt=\"BeHermann\" width=\"225\" height=\"300\" \/><\/a><\/p>\n<p>Geboren in G\u00f6ttingen. Hochgeschult in den F\u00e4chern Ethnologie, Wirtschafts- und Sozialpsychologie und Publizistik\/Kommunikationswissenschaften in G\u00f6ttingen, Hamburg und Witzenhausen. Ausbildung zur systemischen Organisationsentwicklerin in den Jahren 2002-2003 in Berlin, Zertifikat zur systemischen Beraterin (Coach) im Jahr 2016.<\/p>\n<p>Ausbildung zur Mediatorin bei Konflikthaus Potsdam e.V. in Kooperation mit der FH Potsdam im Jahr 2020.<\/p>\n<p>Langj\u00e4hrige T\u00e4tigkeit in der Heinrich-B\u00f6ll-Stiftung Berlin. Seit 2009 freiberuflich als Trainerin und Organisationsberaterin aktiv, seitdem Lehrauftr\u00e4ge f\u00fcr Rhetorik, Pr\u00e4sentation und Verhandlungsf\u00fchrung in den Hochschulen Neubrandenburg und der Kunsthochschule Berlin Wei\u00dfensee. Regelm\u00e4\u00dfig Workshops und Teamtrainings in der Verwaltungsakademie Berlin.<\/p>\n<p>Kunden aus den letzten Jahren sind unter anderem der internationale Jugendaustauschdienst ICJA e.V., die Heinrich-B\u00f6ll-Stiftung Berlin, der Bundesverband der Deutschen Aids-Hilfe e.V., die Stiftung umdenken in Hamburg, die Stiftung Naturschutz Berlin, das Landesamt f\u00fcr B\u00fcrger- und Ordnungsangelegenheiten Berlin und das Finanzamt Prenzlauer Berg.<\/p>\n<p>Regelm\u00e4\u00dfige Zusammenarbeit\u00a0mit Peter Prosche und Markus K\u00f6tzle von der Organisationsberatung <a title=\"systemblick\" href=\"http:\/\/www.systemblick.de\" target=\"_blank\" rel=\"noopener\">systemblick<\/a>.<\/p>\n<p>Impressum v.i.S.d.P:<\/p>\n<p>Bettina Hermann<br \/>\nSembritzkistra\u00dfe 7<br \/>\n12169 Berlin<\/p>\n<p>Bettina.Hermann(at)kommaacht.de<br \/>\n0151 591 300 58<\/p>\n<p>Haftungsausschluss:<br \/>\nDie Inhalte dieser\u00a0Seiten wurden mit gr\u00f6\u00dfter Sorgfalt nach bestem Wissen und Gewissen erstellt. F\u00fcr die\u00a0Richtigkeit und Vollst\u00e4ndigkeit der Daten sowie die technische Funktion wird\u00a0keine Gew\u00e4hr \u00fcbernommen. Inhalte k\u00f6nnen ohne vorherige Mitteilung jederzeit\u00a0ge\u00e4ndert oder gel\u00f6scht werden.<\/p>\n<p>Haftungshinweis:<br \/>\nTrotz sorgf\u00e4ltiger inhaltlicher Kontrolle wird keine Haftung f\u00fcr die Inhalte\u00a0externer Links \u00fcbernommen. F\u00fcr den Inhalt der verlinkten Seiten sind\u00a0ausschlie\u00dflich deren Betreiber verantwortlich.<\/p>\n<p>Rechtshinweis:<br \/>\nStruktur und Inhalt dieser Website sind urheberrechtlich gesch\u00fctzt. Alle\u00a0Texte, Grafiken und Bilder der Website unterliegen dem Nachweis durch Bettina Hermann, ihre Verwendung bedarf der vorherigen Zustimmung.<\/p>\n<div><\/div>\n","protected":false},"excerpt":{"rendered":"<p>hinter kommaacht steht Bettina Hermann: Geboren in G\u00f6ttingen. Hochgeschult in den F\u00e4chern Ethnologie, Wirtschafts- und Sozialpsychologie und Publizistik\/Kommunikationswissenschaften in G\u00f6ttingen, Hamburg und Witzenhausen. Ausbildung zur systemischen Organisationsentwicklerin in den Jahren 2002-2003 in Berlin, Zertifikat zur systemischen Beraterin (Coach) im Jahr 2016. Ausbildung zur Mediatorin bei Konflikthaus Potsdam e.V. in Kooperation mit der FH Potsdam im &hellip; <a href=\"http:\/\/www.kommaacht.de\/?page_id=33\" class=\"more-link\"><span class=\"screen-reader-text\">wer dahinter steht<\/span> weiterlesen <span class=\"meta-nav\">&rarr;<\/span><\/a><\/p>\n","protected":false},"author":1,"featured_media":0,"parent":0,"menu_order":6,"comment_status":"closed","ping_status":"closed","template":"","meta":{"footnotes":""},"_links":{"self":[{"href":"http:\/\/www.kommaacht.de\/index.php?rest_route=\/wp\/v2\/pages\/33"}],"collection":[{"href":"http:\/\/www.kommaacht.de\/index.php?rest_route=\/wp\/v2\/pages"}],"about":[{"href":"http:\/\/www.kommaacht.de\/index.php?rest_route=\/wp\/v2\/types\/page"}],"author":[{"embeddable":true,"href":"http:\/\/www.kommaacht.de\/index.php?rest_route=\/wp\/v2\/users\/1"}],"replies":[{"embeddable":true,"href":"http:\/\/www.kommaacht.de\/index.php?rest_route=%2Fwp%2Fv2%2Fcomments&post=33"}],"version-history":[{"count":17,"href":"http:\/\/www.kommaacht.de\/index.php?rest_route=\/wp\/v2\/pages\/33\/revisions"}],"predecessor-version":[{"id":333,"href":"http:\/\/www.kommaacht.de\/index.php?rest_route=\/wp\/v2\/pages\/33\/revisions\/333"}],"wp:attachment":[{"href":"http:\/\/www.kommaacht.de\/index.php?rest_route=%2Fwp%2Fv2%2Fmedia&parent=33"}],"curies":[{"name":"wp","href":"https:\/\/api.w.org\/{rel}","templated":true}]}}