{"id":276,"date":"2019-01-04T13:48:59","date_gmt":"2019-01-04T11:48:59","guid":{"rendered":"http:\/\/www.kommaacht.de\/?page_id=276"},"modified":"2019-01-04T13:58:27","modified_gmt":"2019-01-04T11:58:27","slug":"datenschutzerklaerung","status":"publish","type":"page","link":"http:\/\/www.kommaacht.de\/?page_id=276","title":{"rendered":"Datenschutzerkl\u00e4rung"},"content":{"rendered":"\n<p><strong>Allgemeines:<\/strong> Der Schutz Ihrer Privatsph\u00e4re bei der Verarbeitung pers\u00f6nlicher Daten ist uns ein wichtiges Anliegen. Wir weisen gleichzeitig darauf hin, dass die Daten\u00fcbertragung im Internet (z.B. bei der Kommunikation per E-Mail) Sicherheitsl\u00fccken aufweisen kann. Ein l\u00fcckenloser Schutz der Daten vor dem Zugriff durch Dritte ist nicht m\u00f6glich.<\/p>\n\n\n\n<p><strong>Datenerfassung auf unserer Website<\/strong>: Wenn Sie unsere Website besuchen, speichern die Webserver unseres Providers standardm\u00e4\u00dfig die IP Ihres Internet Service Provider, die Website von der aus Sie uns besuchen, die Webseiten, die Sie bei uns besuchen sowie das Datum und die Dauer des Besuches. Diese Informationen sind f\u00fcr die technische \u00dcbertragung der Webseiten und den sicheren Serverbetrieb zwingend erforderlich. Eine personalisierte Auswertung dieser Daten erfolgt nicht.<\/p>\n\n\n\n<p><strong>Web-Log-Dateien<\/strong>: Der Provider unserer Seiten erhebt und speichert automatisch Informationen in so genannten Server-Log-Dateien, die Ihr Browser automatisch an uns \u00fcbermittelt. Dies sind:<br>\u2022 Browsertyp und Browserversion<br>\u2022 verwendetes Betriebssystem<br>\u2022 Hostname des zugreifenden Rechners<br>\u2022 Uhrzeit der Serveranfrage<br>\u2022 IP-Adresse<br>Eine Zusammenf\u00fchrung dieser Daten mit anderen Datenquellen wird nicht vorgenommen.&nbsp;<br>Grundlage f\u00fcr die Datenverarbeitung ist Art. 6 Abs. 1 lit. f DSGVO, der die Verarbeitung von Daten zur Erf\u00fcllung eines Vertrags oder vorvertraglicher Ma\u00dfnahmen gestattet.<\/p>\n\n\n\n<p><strong>Plugins und Tools<\/strong>: Diese Seite nutzt zur einheitlichen Darstellung von Schriftarten sogenannte Web Fonts, die von Google bereitgestellt werden. Beim Aufruf einer Seite l\u00e4dt Ihr Browser die ben\u00f6tigten Web Fonts in ihren Browsercache, um Texte und Schriftarten korrekt anzuzeigen.<br>Zu diesem Zweck muss der von Ihnen verwendete Browser Verbindung zu den Servern von Google aufnehmen. Hierdurch erlangt Google Kenntnis dar\u00fcber, dass \u00fcber Ihre IP-Adresse unsere Website aufgerufen wurde. Die Nutzung von Google Web Fonts erfolgt im Interesse einer einheitlichen und ansprechenden Darstellung unserer Online-Angebote. Dies stellt ein berechtigtes Interesse im Sinne von Art. 6 Abs. 1 lit. f DSGVO dar.<br>Wenn Ihr Browser Web Fonts nicht unterst\u00fctzt, wird eine Standardschrift von Ihrem Computer genutzt.<br>Weitere Informationen zu Google Web Fonts finden Sie unter Google Fonts FAQ und in der Datenschutzerkl\u00e4rung von Google.<\/p>\n\n\n\n<p><strong>E-Mail Kontakt<\/strong>: Wenn Sie mit uns per E-Mail in Kontakt treten, speichern wir Ihre Angaben f\u00fcr die Abwicklung des weiteren Gesch\u00e4ftskontakts mit Ihnen. Weiter personenbezogene Daten speichern und nutzen wir nur, wenn Sie dazu einwilligen oder dies ohne besondere Eniwilligung gesetzlich zul\u00e4ssig ist. Selbstverst\u00e4ndlich verwahren wir diese Daten sorgsam und vor dem Zugriff Dritter gesch\u00fctzt auf.<\/p>\n\n\n\n<p><strong>Unsere Auskunftspflicht und Ihre Betroffenenrechte:&nbsp;<\/strong>Wir informieren Sie gerne und unentgeltlich dar\u00fcber, welche personenbezogenen Daten wir \u00fcber Sie gespeichert haben. Sie k\u00f6nnen jederzeit die Herausgabe, L\u00f6schung oder Berichtigung Ihrer Daten beantragen. Nach einer Frist von 10 Jahren l\u00f6schen wir Ihre Daten.<\/p>\n\n\n\n<p><strong>Verantwortlich f\u00fcr den Datenschutz<\/strong>: Verantwortlich im Sinne der Datenschutz-Grundverordnung, sonstiger in den Mitgliedstaaten der Europ\u00e4ischen Union geltenden Datenschutzgesetze und anderer Bestimmungen mit datenschutzrechtlichem Charakter ist Bettina Hermann, deren Anschrift Sie dem Impressum entnehmen k\u00f6nnen.<\/p>\n\n\n\n<p>Berlin, Juni 2018<\/p>\n","protected":false},"excerpt":{"rendered":"<p>Allgemeines: Der Schutz Ihrer Privatsph\u00e4re bei der Verarbeitung pers\u00f6nlicher Daten ist uns ein wichtiges Anliegen. Wir weisen gleichzeitig darauf hin, dass die Daten\u00fcbertragung im Internet (z.B. bei der Kommunikation per E-Mail) Sicherheitsl\u00fccken aufweisen kann. Ein l\u00fcckenloser Schutz der Daten vor dem Zugriff durch Dritte ist nicht m\u00f6glich. Datenerfassung auf unserer Website: Wenn Sie unsere Website &hellip; <a href=\"http:\/\/www.kommaacht.de\/?page_id=276\" class=\"more-link\"><span class=\"screen-reader-text\">Datenschutzerkl\u00e4rung<\/span> weiterlesen <span class=\"meta-nav\">&rarr;<\/span><\/a><\/p>\n","protected":false},"author":1,"featured_media":0,"parent":0,"menu_order":7,"comment_status":"closed","ping_status":"closed","template":"","meta":{"footnotes":""},"_links":{"self":[{"href":"http:\/\/www.kommaacht.de\/index.php?rest_route=\/wp\/v2\/pages\/276"}],"collection":[{"href":"http:\/\/www.kommaacht.de\/index.php?rest_route=\/wp\/v2\/pages"}],"about":[{"href":"http:\/\/www.kommaacht.de\/index.php?rest_route=\/wp\/v2\/types\/page"}],"author":[{"embeddable":true,"href":"http:\/\/www.kommaacht.de\/index.php?rest_route=\/wp\/v2\/users\/1"}],"replies":[{"embeddable":true,"href":"http:\/\/www.kommaacht.de\/index.php?rest_route=%2Fwp%2Fv2%2Fcomments&post=276"}],"version-history":[{"count":4,"href":"http:\/\/www.kommaacht.de\/index.php?rest_route=\/wp\/v2\/pages\/276\/revisions"}],"predecessor-version":[{"id":281,"href":"http:\/\/www.kommaacht.de\/index.php?rest_route=\/wp\/v2\/pages\/276\/revisions\/281"}],"wp:attachment":[{"href":"http:\/\/www.kommaacht.de\/index.php?rest_route=%2Fwp%2Fv2%2Fmedia&parent=276"}],"curies":[{"name":"wp","href":"https:\/\/api.w.org\/{rel}","templated":true}]}}