{"id":202,"date":"2017-01-05T11:54:10","date_gmt":"2017-01-05T09:54:10","guid":{"rendered":"http:\/\/www.kommaacht.de\/?page_id=202"},"modified":"2020-01-20T20:44:36","modified_gmt":"2020-01-20T18:44:36","slug":"coaching","status":"publish","type":"page","link":"http:\/\/www.kommaacht.de\/?page_id=202","title":{"rendered":"Coaching"},"content":{"rendered":"<p><a href=\"http:\/\/www.kommaacht.de\/wp-content\/uploads\/2016\/02\/cropped-CIMG0366-1.jpg\"><img loading=\"lazy\" decoding=\"async\" class=\"alignnone  wp-image-206\" src=\"http:\/\/www.kommaacht.de\/wp-content\/uploads\/2016\/02\/cropped-CIMG0366-1-300x43.jpg\" alt=\"\" width=\"558\" height=\"80\" srcset=\"http:\/\/www.kommaacht.de\/wp-content\/uploads\/2016\/02\/cropped-CIMG0366-1-300x43.jpg 300w, http:\/\/www.kommaacht.de\/wp-content\/uploads\/2016\/02\/cropped-CIMG0366-1-768x110.jpg 768w, http:\/\/www.kommaacht.de\/wp-content\/uploads\/2016\/02\/cropped-CIMG0366-1-1024x147.jpg 1024w, http:\/\/www.kommaacht.de\/wp-content\/uploads\/2016\/02\/cropped-CIMG0366-1.jpg 1600w\" sizes=\"(max-width: 558px) 100vw, 558px\" \/><\/a><\/p>\n<p>Beratung? Brauche ich nicht. L\u00e4uft doch alles.<\/p>\n<p>Wenn das so ist, wunderbar! Doch manchmal stellt uns das Leben vor Herausforderungen die uns fordern oder sogar \u00fcberfordern und es l\u00e4uft nicht mehr so, wie wir es uns w\u00fcnschen. Das k\u00f6nnen Ver\u00e4nderungen im beruflichen Alltag sein, Entwicklungen\u00a0im Unternehmen, neue Zielrichtungen oder Zuschnitte. Oder wir stellen fest, dass wir feststecken. Unerf\u00fcllte Karrierew\u00fcnsche, \u00dcber- oder Unterforderungen oder schlicht das Gef\u00fchl: es passt nicht mehr. Und oftmals steht die Frage im Raum, in welche Richtung es weiter gehen soll.<\/p>\n<p>Was passiert im Coaching? Im Coaching erarbeiten wir Schritte, die f\u00fcr Sie zu mehr Klarheit und Zufriedenheit f\u00fchren. Ausgehend von Ihren St\u00e4rken unterst\u00fctze ich Sie, Ihre Ziele zu erkennen und den Mut zu finden, sie zu leben. Die daf\u00fcr passenden Methoden orientieren sich an Ihnen und Ihrem Anliegen.<\/p>\n<p>Eine Coaching-Einheit dauert in der Regel 60min, auf Wunsch sind auch andere Formate m\u00f6glich.<\/p>\n","protected":false},"excerpt":{"rendered":"<p>Beratung? Brauche ich nicht. L\u00e4uft doch alles. Wenn das so ist, wunderbar! Doch manchmal stellt uns das Leben vor Herausforderungen die uns fordern oder sogar \u00fcberfordern und es l\u00e4uft nicht mehr so, wie wir es uns w\u00fcnschen. Das k\u00f6nnen Ver\u00e4nderungen im beruflichen Alltag sein, Entwicklungen\u00a0im Unternehmen, neue Zielrichtungen oder Zuschnitte. Oder wir stellen fest, dass &hellip; <a href=\"http:\/\/www.kommaacht.de\/?page_id=202\" class=\"more-link\"><span class=\"screen-reader-text\">Coaching<\/span> weiterlesen <span class=\"meta-nav\">&rarr;<\/span><\/a><\/p>\n","protected":false},"author":1,"featured_media":0,"parent":0,"menu_order":4,"comment_status":"closed","ping_status":"closed","template":"","meta":{"footnotes":""},"_links":{"self":[{"href":"http:\/\/www.kommaacht.de\/index.php?rest_route=\/wp\/v2\/pages\/202"}],"collection":[{"href":"http:\/\/www.kommaacht.de\/index.php?rest_route=\/wp\/v2\/pages"}],"about":[{"href":"http:\/\/www.kommaacht.de\/index.php?rest_route=\/wp\/v2\/types\/page"}],"author":[{"embeddable":true,"href":"http:\/\/www.kommaacht.de\/index.php?rest_route=\/wp\/v2\/users\/1"}],"replies":[{"embeddable":true,"href":"http:\/\/www.kommaacht.de\/index.php?rest_route=%2Fwp%2Fv2%2Fcomments&post=202"}],"version-history":[{"count":5,"href":"http:\/\/www.kommaacht.de\/index.php?rest_route=\/wp\/v2\/pages\/202\/revisions"}],"predecessor-version":[{"id":301,"href":"http:\/\/www.kommaacht.de\/index.php?rest_route=\/wp\/v2\/pages\/202\/revisions\/301"}],"wp:attachment":[{"href":"http:\/\/www.kommaacht.de\/index.php?rest_route=%2Fwp%2Fv2%2Fmedia&parent=202"}],"curies":[{"name":"wp","href":"https:\/\/api.w.org\/{rel}","templated":true}]}}