{"id":13,"date":"2013-09-23T16:53:29","date_gmt":"2013-09-23T14:53:29","guid":{"rendered":"http:\/\/www.kommaacht.de\/?page_id=13"},"modified":"2021-12-13T19:02:03","modified_gmt":"2021-12-13T17:02:03","slug":"nochne-seite","status":"publish","type":"page","link":"http:\/\/www.kommaacht.de\/?page_id=13","title":{"rendered":"Organisation"},"content":{"rendered":"<p><a href=\"http:\/\/www.kommaacht.de\/wp-content\/uploads\/2014\/06\/cropped-2014-03-14-14.57.501.jpg\" rel=\"attachment wp-att-116\"><img loading=\"lazy\" decoding=\"async\" class=\"alignnone  wp-image-116\" src=\"http:\/\/www.kommaacht.de\/wp-content\/uploads\/2014\/06\/cropped-2014-03-14-14.57.501-300x43.jpg\" alt=\"cropped-2014-03-14-14.57.501.jpg\" width=\"516\" height=\"74\" srcset=\"http:\/\/www.kommaacht.de\/wp-content\/uploads\/2014\/06\/cropped-2014-03-14-14.57.501-300x43.jpg 300w, http:\/\/www.kommaacht.de\/wp-content\/uploads\/2014\/06\/cropped-2014-03-14-14.57.501-1024x147.jpg 1024w, http:\/\/www.kommaacht.de\/wp-content\/uploads\/2014\/06\/cropped-2014-03-14-14.57.501.jpg 1600w\" sizes=\"(max-width: 516px) 100vw, 516px\" \/><\/a><\/p>\n<p>In Organisationen treffen Menschen aufeinander, die unter einem Firmenziel an ihrem Platz Aufgaben nachgehen, und damit dem Erfolg des Unternehmens dienen.<\/p>\n<p>So ist der Idealfall. Doch Menschen sind unterschiedlich, Strukturen, die der Arbeitsaufteilung dienen sollen, werden als hinderlich erlebt oder \u00fcberleben sich tats\u00e4chlich selbst, Firmenziele k\u00f6nnen sich \u00e4ndern. In Ver\u00e4nderungsprozessen zeigt sich, wie beharrlich Strukturen sein k\u00f6nnen, wie die Geschichte eines Unternehmens ins Heute hineinragt und wie die betroffenen Menschen daraus Schlussfolgerungen f\u00fcr ihr Handeln ziehen.<\/p>\n<p>Moderation und Seminare zu folgenden Schwerpunkten biete ich gemeinsam mit meinen Kollegen von systemblick an.<\/p>\n<ul>\n<li>Change-Management<\/li>\n<li>Teamtraining<\/li>\n<li>Moderation von Teamprozessen<\/li>\n<li>Schnittstellenanalyse<\/li>\n<li>Systemische Organisationsanalyse<\/li>\n<\/ul>\n","protected":false},"excerpt":{"rendered":"<p>In Organisationen treffen Menschen aufeinander, die unter einem Firmenziel an ihrem Platz Aufgaben nachgehen, und damit dem Erfolg des Unternehmens dienen. So ist der Idealfall. Doch Menschen sind unterschiedlich, Strukturen, die der Arbeitsaufteilung dienen sollen, werden als hinderlich erlebt oder \u00fcberleben sich tats\u00e4chlich selbst, Firmenziele k\u00f6nnen sich \u00e4ndern. In Ver\u00e4nderungsprozessen zeigt sich, wie beharrlich Strukturen &hellip; <a href=\"http:\/\/www.kommaacht.de\/?page_id=13\" class=\"more-link\"><span class=\"screen-reader-text\">Organisation<\/span> weiterlesen <span class=\"meta-nav\">&rarr;<\/span><\/a><\/p>\n","protected":false},"author":1,"featured_media":0,"parent":0,"menu_order":0,"comment_status":"closed","ping_status":"closed","template":"","meta":{"footnotes":""},"_links":{"self":[{"href":"http:\/\/www.kommaacht.de\/index.php?rest_route=\/wp\/v2\/pages\/13"}],"collection":[{"href":"http:\/\/www.kommaacht.de\/index.php?rest_route=\/wp\/v2\/pages"}],"about":[{"href":"http:\/\/www.kommaacht.de\/index.php?rest_route=\/wp\/v2\/types\/page"}],"author":[{"embeddable":true,"href":"http:\/\/www.kommaacht.de\/index.php?rest_route=\/wp\/v2\/users\/1"}],"replies":[{"embeddable":true,"href":"http:\/\/www.kommaacht.de\/index.php?rest_route=%2Fwp%2Fv2%2Fcomments&post=13"}],"version-history":[{"count":7,"href":"http:\/\/www.kommaacht.de\/index.php?rest_route=\/wp\/v2\/pages\/13\/revisions"}],"predecessor-version":[{"id":341,"href":"http:\/\/www.kommaacht.de\/index.php?rest_route=\/wp\/v2\/pages\/13\/revisions\/341"}],"wp:attachment":[{"href":"http:\/\/www.kommaacht.de\/index.php?rest_route=%2Fwp%2Fv2%2Fmedia&parent=13"}],"curies":[{"name":"wp","href":"https:\/\/api.w.org\/{rel}","templated":true}]}}